{"id":73,"date":"2021-03-02T12:05:33","date_gmt":"2021-03-02T12:05:33","guid":{"rendered":"http:\/\/dps.zuromin-powiat.pl\/?page_id=73"},"modified":"2021-05-04T09:56:30","modified_gmt":"2021-05-04T09:56:30","slug":"dostepnosc-cyfrowa","status":"publish","type":"page","link":"http:\/\/dps.zuromin-powiat.pl\/?page_id=73","title":{"rendered":"Dost\u0119pno\u015b\u0107 cyfrowa"},"content":{"rendered":"\n<div class=\"wp-block-file\"><a href=\"http:\/\/dps.zuromin-powiat.pl\/wp-content\/uploads\/2021\/05\/deklaracja-dostepnosci-cyfrowej-BIP-dps.docx\">deklaracja dost\u0119pno\u015bci cyfrowej<\/a><a href=\"http:\/\/dps.zuromin-powiat.pl\/wp-content\/uploads\/2021\/05\/deklaracja-dostepnosci-cyfrowej-BIP-dps.docx\" class=\"wp-block-file__button\" download><\/a><\/div>\n\n\n\n<p><\/p>\n","protected":false},"excerpt":{"rendered":"","protected":false},"author":2,"featured_media":0,"parent":0,"menu_order":0,"comment_status":"closed","ping_status":"closed","template":"elementor_canvas","meta":[],"_links":{"self":[{"href":"http:\/\/dps.zuromin-powiat.pl\/index.php?rest_route=\/wp\/v2\/pages\/73"}],"collection":[{"href":"http:\/\/dps.zuromin-powiat.pl\/index.php?rest_route=\/wp\/v2\/pages"}],"about":[{"href":"http:\/\/dps.zuromin-powiat.pl\/index.php?rest_route=\/wp\/v2\/types\/page"}],"author":[{"embeddable":true,"href":"http:\/\/dps.zuromin-powiat.pl\/index.php?rest_route=\/wp\/v2\/users\/2"}],"replies":[{"embeddable":true,"href":"http:\/\/dps.zuromin-powiat.pl\/index.php?rest_route=%2Fwp%2Fv2%2Fcomments&post=73"}],"version-history":[{"count":3,"href":"http:\/\/dps.zuromin-powiat.pl\/index.php?rest_route=\/wp\/v2\/pages\/73\/revisions"}],"predecessor-version":[{"id":87,"href":"http:\/\/dps.zuromin-powiat.pl\/index.php?rest_route=\/wp\/v2\/pages\/73\/revisions\/87"}],"wp:attachment":[{"href":"http:\/\/dps.zuromin-powiat.pl\/index.php?rest_route=%2Fwp%2Fv2%2Fmedia&parent=73"}],"curies":[{"name":"wp","href":"https:\/\/api.w.org\/{rel}","templated":true}]}}